{"id":223,"date":"2019-05-22T16:22:15","date_gmt":"2019-05-22T14:22:15","guid":{"rendered":"https:\/\/netpak.pl\/internet\/?page_id=223"},"modified":"2019-05-28T16:13:42","modified_gmt":"2019-05-28T14:13:42","slug":"polityka-prywatnosci","status":"publish","type":"page","link":"https:\/\/netpak.pl\/internet\/polityka-prywatnosci\/","title":{"rendered":"Polityka Prywatno\u015bci"},"content":{"rendered":"<ol>\n<li style=\"font-weight: 400;\"><strong>POSTANOWIENIA OG\u00d3LNE<\/strong>\n<ol>\n<li style=\"font-weight: 400;\"><span style=\"font-weight: 400;\">Administratorem danych osobowych zbieranych za po\u015brednictwem strony internetowej http:\/\/netpak.pl\/ jest NETPAK Sp. z o.o., adres siedziby: ul. Cicha 30, 55-220 Jelcz-Laskowice, adres do dor\u0119cze\u0144: , wpisan\u0105 do rejestru przedsi\u0119biorc\u00f3w pod numerem KRS: 0000551673, NIP: 9121876411, REGON: , posiadaj\u0105c\u0105 kapita\u0142 zak\u0142adowy w kwocie: , adres poczty elektronicznej: info@netpak.pldalej \u201eAdministrator\u201d, b\u0119d\u0105ca jednocze\u015bnie Us\u0142ugodawc\u0105. , miejsce wykonywania dzia\u0142alno\u015bci: ul. Cicha 30, 55-220 Jelcz-Laskowice, adres do dor\u0119cze\u0144: ul. Cicha 30, 55-220 Jelcz-Laskowice, NIP: 9121876411, REGON: , adres poczty elektronicznej (e-mail): info@netpak.pl, zwany\/a dalej &#8222;Administratorem&#8221;.<\/span><\/li>\n<li style=\"font-weight: 400;\"><span style=\"font-weight: 400;\">Dane osobowe zbierane przez Administratora za po\u015brednictwem strony internetowej s\u0105 przetwarzane zgodnie z Rozporz\u0105dzeniem Parlamentu Europejskiego i Rady (UE) 2016\/679 z dnia 27 kwietnia 2016 r. w sprawie ochrony os\u00f3b fizycznych w zwi\u0105zku z przetwarzaniem danych osobowych i w sprawie swobodnego przep\u0142ywu takich danych oraz uchylenia dyrektywy 95\/46\/WE (og\u00f3lne rozporz\u0105dzenie o ochronie danych), zwane dalej RODO oraz ustaw\u0105 o ochronie danych osobowych z dnia 10 maja 2018 r.<\/span><\/li>\n<\/ol>\n<\/li>\n<li style=\"font-weight: 400;\"><strong>RODZAJ PRZETWARZANYCH DANYCH OSOBOWYCH, CEL I ZAKRES ZBIERANIA DANYCH<\/strong>\n<ol>\n<li style=\"font-weight: 400;\"><span style=\"font-weight: 400;\">CEL PRZETWARZANIA I PODSTAWA PRAWNA. Administrator przetwarza dane osobowe za po\u015brednictwem strony http:\/\/netpak.pl\/ w przypadku:<\/span>\n<ol>\n<li style=\"font-weight: 400;\"><span style=\"font-weight: 400;\">skorzystania przez u\u017cytkownika z formularza kontaktowego. Dane osobowe s\u0105 przetwarzane na podstawie art. 6 ust. 1 lit. f) RODO jako prawnie usprawiedliwiony interes Administratora.<\/span><\/li>\n<\/ol>\n<\/li>\n<li style=\"font-weight: 400;\"><span style=\"font-weight: 400;\">RODZAJ PRZETWARZANYCH DANYCH OSOBOWYCH. Administrator przetwarza nast\u0119puj\u0105ce kategorie danych osobowych u\u017cytkownika:<\/span>\n<ol>\n<li style=\"font-weight: 400;\"><span style=\"font-weight: 400;\">Imi\u0119 i nazwisko,<\/span><\/li>\n<li style=\"font-weight: 400;\"><span style=\"font-weight: 400;\">Adres (zamieszkania),<\/span><\/li>\n<li style=\"font-weight: 400;\"><span style=\"font-weight: 400;\">Adres e-mail,<\/span><\/li>\n<li style=\"font-weight: 400;\"><span style=\"font-weight: 400;\">Numer telefonu,<\/span><\/li>\n<\/ol>\n<\/li>\n<li style=\"font-weight: 400;\"><span style=\"font-weight: 400;\">OKRES ARCHIWIZACJI DANYCH OSOBOWYCH. Dane osobowe u\u017cytkownik\u00f3w przechowywane s\u0105 przez Administratora:<\/span>\n<ol>\n<li style=\"font-weight: 400;\"><span style=\"font-weight: 400;\">w przypadku, gdy podstaw\u0105 przetwarzania danych jest wykonanie umowy, tak d\u0142ugo, jak jest to niezb\u0119dne do wykonania umowy, a po tym czasie przez okres odpowiadaj\u0105cy okresowi przedawnienia roszcze\u0144. Je\u017celi przepis szczeg\u00f3lny nie stanowi inaczej, termin przedawnienia wynosi lat sze\u015b\u0107, a dla roszcze\u0144 o \u015bwiadczenia okresowe oraz roszcze\u0144 zwi\u0105zanych z prowadzeniem dzia\u0142alno\u015bci gospodarczej &#8211; trzy lata.<\/span><\/li>\n<li style=\"font-weight: 400;\"><span style=\"font-weight: 400;\">w przypadku, gdy podstaw\u0105 przetwarzania danych jest zgoda, tak d\u0142ugo, a\u017c zgoda nie zostanie odwo\u0142ana, a po odwo\u0142aniu zgody przez okres czasu odpowiadaj\u0105cy okresowi przedawnienia roszcze\u0144 jakie mo\u017ce podnosi\u0107 Administrator i jakie mog\u0105 by\u0107 podnoszone wobec niego. Je\u017celi przepis szczeg\u00f3lny nie stanowi inaczej, termin przedawnienia wynosi lat sze\u015b\u0107, a dla roszcze\u0144 o \u015bwiadczenia okresowe oraz roszcze\u0144 zwi\u0105zanych z prowadzeniem dzia\u0142alno\u015bci gospodarczej &#8211; trzy lata.<\/span><\/li>\n<\/ol>\n<\/li>\n<li style=\"font-weight: 400;\"><span style=\"font-weight: 400;\">Podczas korzystania ze strony internetowej mog\u0105 by\u0107 pobierane dodatkowe informacje, w szczeg\u00f3lno\u015bci: adres IP przypisany do komputera u\u017cytkownika lub zewn\u0119trzny adres IP dostawcy Internetu, nazwa domeny, rodzaj przegl\u0105darki, czas dost\u0119pu, typ systemu operacyjnego.<\/span><\/li>\n<li style=\"font-weight: 400;\"><span style=\"font-weight: 400;\">Od u\u017cytkownik\u00f3w mog\u0105 by\u0107 tak\u017ce gromadzone dane nawigacyjne, w tym informacje o linkach i odno\u015bnikach, w kt\u00f3re zdecyduj\u0105 si\u0119 klikn\u0105\u0107 lub innych czynno\u015bciach, podejmowanych na stronie internetowej. Podstaw\u0105 prawn\u0105 tego rodzaju czynno\u015bci jest prawnie uzasadniony interes Administratora (art. 6 ust. 1 lit. f RODO), polegaj\u0105cy na u\u0142atwieniu korzystania z us\u0142ug \u015bwiadczonych drog\u0105 elektroniczn\u0105 oraz na poprawie funkcjonalno\u015bci tych us\u0142ug.<\/span><\/li>\n<li style=\"font-weight: 400;\"><span style=\"font-weight: 400;\">Podanie danych osobowych przez u\u017cytkownika jest dobrowolne.<\/span><\/li>\n<li style=\"font-weight: 400;\"><span style=\"font-weight: 400;\">Dane osobowe b\u0119d\u0105 przetwarzane tak\u017ce w spos\u00f3b zautomatyzowany w formie profilowania, o ile u\u017cytkownik wyrazi na to zgod\u0119 na podstawie art. 6 ust. 1 lit. a) RODO. Konsekwencj\u0105 profilowania b\u0119dzie przypisanie danej osobie profilu w celu podejmowania dotycz\u0105cych jej decyzji b\u0105d\u017a analizy lub przewidywania jej preferencji, zachowa\u0144 i postaw.<\/span><\/li>\n<li style=\"font-weight: 400;\"><span style=\"font-weight: 400;\">Administrator dok\u0142ada szczeg\u00f3lnej staranno\u015bci w celu ochrony interes\u00f3w os\u00f3b, kt\u00f3rych dane dotycz\u0105, a w szczeg\u00f3lno\u015bci zapewnia, \u017ce zbierane przez niego dane s\u0105:<\/span>\n<ol>\n<li style=\"font-weight: 400;\"><span style=\"font-weight: 400;\">przetwarzane zgodnie z prawem,<\/span><\/li>\n<li style=\"font-weight: 400;\"><span style=\"font-weight: 400;\">zbierane dla oznaczonych, zgodnych z prawem cel\u00f3w i niepoddawane dalszemu przetwarzaniu niezgodnemu z tymi celami,<\/span><\/li>\n<li style=\"font-weight: 400;\"><span style=\"font-weight: 400;\">merytorycznie poprawne i adekwatne w stosunku do cel\u00f3w, w jakich s\u0105 przetwarzane oraz przechowywane w postaci umo\u017cliwiaj\u0105cej identyfikacj\u0119 os\u00f3b, kt\u00f3rych dotycz\u0105, nie d\u0142u\u017cej ni\u017c jest to niezb\u0119dne do osi\u0105gni\u0119cia celu przetwarzania.<\/span><\/li>\n<\/ol>\n<\/li>\n<\/ol>\n<\/li>\n<li style=\"font-weight: 400;\"><strong>UDOST\u0118PNIENIE DANYCH OSOBOWYCH<\/strong>\n<ol>\n<li style=\"font-weight: 400;\"><span style=\"font-weight: 400;\">Dane osobowe u\u017cytkownik\u00f3w przekazywane s\u0105 dostawcom us\u0142ug, z kt\u00f3rych korzysta Administrator przy prowadzeniu strony internetowej. Dostawcy us\u0142ug, kt\u00f3rym przekazywane s\u0105 dane osobowe, w zale\u017cno\u015bci od uzgodnie\u0144 umownych i okoliczno\u015bci, albo podlegaj\u0105 poleceniom Administratora co do cel\u00f3w i sposob\u00f3w przetwarzania tych danych (podmioty przetwarzaj\u0105ce) albo samodzielnie okre\u015blaj\u0105 cele i sposoby ich przetwarzania (administratorzy).<\/span><\/li>\n<li style=\"font-weight: 400;\"><span style=\"font-weight: 400;\">Dane osobowe u\u017cytkownik\u00f3w s\u0105 przechowywane wy\u0142\u0105cznie na terenie Europejskiego Obszaru Gospodarczego (EOG).<\/span><\/li>\n<\/ol>\n<\/li>\n<li style=\"font-weight: 400;\"><strong>PRAWO KONTROLI, DOST\u0118PU DO TRE\u015aCI W\u0141ASNYCH DANYCH ORAZ ICH POPRAWIANIA<\/strong>\n<ol>\n<li style=\"font-weight: 400;\"><span style=\"font-weight: 400;\">Osoba, kt\u00f3rej dane dotycz\u0105, ma prawo dost\u0119pu do tre\u015bci swoich danych osobowych oraz prawo ich sprostowania, usuni\u0119cia, ograniczenia przetwarzania, prawo do przenoszenia danych, prawo wniesienia sprzeciwu, prawo do cofni\u0119cia zgody w dowolnym momencie bez wp\u0142ywu na zgodno\u015b\u0107 z prawem przetwarzania, kt\u00f3rego dokonano na podstawie zgody przed jej cofni\u0119ciem.<\/span><\/li>\n<li style=\"font-weight: 400;\"><span style=\"font-weight: 400;\">Podstawy prawne \u017c\u0105dania u\u017cytkownika:<\/span>\n<ol>\n<li style=\"font-weight: 400;\"><span style=\"font-weight: 400;\">Dost\u0119p do danych \u2013 art. 15 RODO<\/span><\/li>\n<li style=\"font-weight: 400;\"><span style=\"font-weight: 400;\">Sprostowanie danych \u2013 art. 16 RODO.<\/span><\/li>\n<li style=\"font-weight: 400;\"><span style=\"font-weight: 400;\">Usuni\u0119cie danych (tzw. prawo do bycia zapomnianym) \u2013 art. 17 RODO.<\/span><\/li>\n<li style=\"font-weight: 400;\"><span style=\"font-weight: 400;\">Ograniczenie przetwarzania \u2013 art. 18 RODO.<\/span><\/li>\n<li style=\"font-weight: 400;\"><span style=\"font-weight: 400;\">Przeniesienie danych \u2013 art. 20 RODO.<\/span><\/li>\n<li style=\"font-weight: 400;\"><span style=\"font-weight: 400;\">Sprzeciw \u2013 art. 21 RODO<\/span><\/li>\n<li style=\"font-weight: 400;\"><span style=\"font-weight: 400;\">Cofni\u0119cie zgody \u2013 art. 7 ust. 3 RODO.<\/span><\/li>\n<\/ol>\n<\/li>\n<li style=\"font-weight: 400;\"><span style=\"font-weight: 400;\">W celu realizacji uprawnie\u0144, o kt\u00f3rych mowa w pkt 2 mo\u017cna wys\u0142a\u0107 stosown\u0105 wiadomo\u015b\u0107 e-mail na adres: info@netpak.pl.<\/span><\/li>\n<li style=\"font-weight: 400;\"><span style=\"font-weight: 400;\">W sytuacji wyst\u0105pienia przez u\u017cytkownika z uprawnieniem wynikaj\u0105cym z powy\u017cszych praw, Administrator spe\u0142nia \u017c\u0105danie albo odmawia jego spe\u0142nienia niezw\u0142ocznie, nie p\u00f3\u017aniej jednak ni\u017c w ci\u0105gu miesi\u0105ca po jego otrzymaniu. Je\u017celi jednak &#8211; z uwagi na skomplikowany charakter \u017c\u0105dania lub liczb\u0119 \u017c\u0105da\u0144 \u2013 Administrator nie b\u0119dzie m\u00f3g\u0142 spe\u0142ni\u0107 \u017c\u0105dania w ci\u0105gu miesi\u0105ca, spe\u0142ni je w ci\u0105gu kolejnych dw\u00f3ch miesi\u0119cy informuj\u0105c u\u017cytkownika uprzednio w terminie miesi\u0105ca od otrzymania \u017c\u0105dania &#8211; o zamierzonym przed\u0142u\u017ceniu terminu oraz jego przyczynach.<\/span><\/li>\n<li style=\"font-weight: 400;\"><span style=\"font-weight: 400;\">W przypadku stwierdzenia, \u017ce przetwarzanie danych osobowych narusza przepisy RODO, osoba, kt\u00f3rej dane dotycz\u0105, ma prawo wnie\u015b\u0107 skarg\u0119 do Prezesa Urz\u0119du Ochrony Danych Osobowych.<\/span><\/li>\n<\/ol>\n<\/li>\n<li style=\"font-weight: 400;\"><strong>PLIKI &#8222;COOKIES&#8221;<\/strong>\n<ol>\n<li style=\"font-weight: 400;\"><span style=\"font-weight: 400;\">Strona Administratora u\u017cywa plik\u00f3w \u201ecookies\u201d.<\/span><\/li>\n<li style=\"font-weight: 400;\"><span style=\"font-weight: 400;\">Instalacja plik\u00f3w \u201ecookies\u201d jest konieczna do prawid\u0142owego \u015bwiadczenia us\u0142ug na stronie internetowej. W plikach \u201ecookies&#8221; znajduj\u0105 si\u0119 informacje niezb\u0119dne do prawid\u0142owego funkcjonowania strony, a tak\u017ce daj\u0105 one tak\u017ce mo\u017cliwo\u015b\u0107 opracowywania og\u00f3lnych statystyk odwiedzin strony internetowej.<\/span><\/li>\n<li style=\"font-weight: 400;\"><span style=\"font-weight: 400;\">W ramach strony stosowane s\u0105 rodzaje plik\u00f3w &#8222;cookies&#8221;: sta\u0142e<\/span>\n<ol>\n<li style=\"font-weight: 400;\"><span style=\"font-weight: 400;\">\u201eSta\u0142e\u201d pliki \u201ecookies\u201d przechowywane s\u0105 w urz\u0105dzeniu ko\u0144cowym u\u017cytkownika przez czas okre\u015blony w parametrach plik\u00f3w \u201ecookies\u201d lub do czasu ich usuni\u0119cia przez u\u017cytkownika.<\/span><\/li>\n<\/ol>\n<\/li>\n<li style=\"font-weight: 400;\"><span style=\"font-weight: 400;\">Administrator wykorzystuje w\u0142asne pliki cookies w celu lepszego poznania sposobu interakcji u\u017cytkownika w zakresie zawarto\u015bci strony. Pliki gromadz\u0105 informacje o sposobie korzystania ze strony internetowej przez u\u017cytkownika, typie strony, z jakiej u\u017cytkownik zosta\u0142 przekierowany oraz liczbie odwiedzin i czasie wizyty u\u017cytkownika na stronie internetowej. Informacje te nie rejestruj\u0105 konkretnych danych osobowych u\u017cytkownika, lecz s\u0142u\u017c\u0105 do opracowania statystyk korzystania ze strony.<\/span><\/li>\n<li style=\"font-weight: 400;\"><span style=\"font-weight: 400;\">U\u017cytkownik ma prawo zadecydowania w zakresie dost\u0119pu plik\u00f3w \u201ecookies\u201d do swojego komputera poprzez ich uprzedni wyb\u00f3r w oknie swojej przegl\u0105darki. \u00a0Szczeg\u00f3\u0142owe informacje o mo\u017cliwo\u015bci i sposobach obs\u0142ugi plik\u00f3w \u201ecookies\u201d dost\u0119pne s\u0105 w ustawieniach oprogramowania (przegl\u0105darki internetowej).<\/span><\/li>\n<\/ol>\n<\/li>\n<li style=\"font-weight: 400;\"><strong>POSTANOWIENIA KO\u0143COWE<\/strong>\n<ol>\n<li style=\"font-weight: 400;\"><span style=\"font-weight: 400;\">Administrator stosuje \u015brodki techniczne i organizacyjne zapewniaj\u0105ce ochron\u0119 przetwarzanych danych osobowych odpowiedni\u0105 do zagro\u017ce\u0144 oraz kategorii danych obj\u0119tych ochron\u0105, a w szczeg\u00f3lno\u015bci zabezpiecza dane przed ich udost\u0119pnieniem osobom nieupowa\u017cnionym, zabraniem przez osob\u0119 nieuprawnion\u0105, przetwarzaniem z naruszeniem obowi\u0105zuj\u0105cych przepis\u00f3w oraz zmian\u0105, utrat\u0105, uszkodzeniem lub zniszczeniem.<\/span><\/li>\n<li style=\"font-weight: 400;\"><span style=\"font-weight: 400;\">Administrator udost\u0119pnia odpowiednie \u015brodki techniczne zapobiegaj\u0105ce pozyskiwaniu i modyfikowaniu przez osoby nieuprawnione, danych osobowych przesy\u0142anych drog\u0105 elektroniczn\u0105.<\/span><\/li>\n<li style=\"font-weight: 400;\"><span style=\"font-weight: 400;\">W sprawach nieuregulowanych niniejsz\u0105 Polityk\u0105 prywatno\u015bci stosuje si\u0119 odpowiednio przepisy RODO oraz inne w\u0142a\u015bciwe przepisy prawa polskiego.<\/span><\/li>\n<\/ol>\n<\/li>\n<\/ol>\n<p>&nbsp;<\/p>\n","protected":false},"excerpt":{"rendered":"<p>POSTANOWIENIA OG\u00d3LNE Administratorem danych osobowych zbieranych za po\u015brednictwem strony internetowej http:\/\/netpak.pl\/ jest NETPAK Sp. z o.o., adres siedziby: ul. Cicha 30, 55-220 Jelcz-Laskowice, adres do dor\u0119cze\u0144:<span class=\"excerpt-hellip\"> [\u2026]<\/span><\/p>\n","protected":false},"author":1,"featured_media":0,"parent":0,"menu_order":0,"comment_status":"closed","ping_status":"closed","template":"","meta":{"footnotes":""},"class_list":["post-223","page","type-page","status-publish","hentry"],"_links":{"self":[{"href":"https:\/\/netpak.pl\/internet\/wp-json\/wp\/v2\/pages\/223","targetHints":{"allow":["GET"]}}],"collection":[{"href":"https:\/\/netpak.pl\/internet\/wp-json\/wp\/v2\/pages"}],"about":[{"href":"https:\/\/netpak.pl\/internet\/wp-json\/wp\/v2\/types\/page"}],"author":[{"embeddable":true,"href":"https:\/\/netpak.pl\/internet\/wp-json\/wp\/v2\/users\/1"}],"replies":[{"embeddable":true,"href":"https:\/\/netpak.pl\/internet\/wp-json\/wp\/v2\/comments?post=223"}],"version-history":[{"count":13,"href":"https:\/\/netpak.pl\/internet\/wp-json\/wp\/v2\/pages\/223\/revisions"}],"predecessor-version":[{"id":238,"href":"https:\/\/netpak.pl\/internet\/wp-json\/wp\/v2\/pages\/223\/revisions\/238"}],"wp:attachment":[{"href":"https:\/\/netpak.pl\/internet\/wp-json\/wp\/v2\/media?parent=223"}],"curies":[{"name":"wp","href":"https:\/\/api.w.org\/{rel}","templated":true}]}}